{"id":4329,"date":"2023-06-22T09:53:43","date_gmt":"2023-06-22T09:53:43","guid":{"rendered":"http:\/\/gaelle-lecrecq.com.remedes-naturels.org\/?page_id=4329"},"modified":"2023-10-20T14:07:37","modified_gmt":"2023-10-20T14:07:37","slug":"a-propos","status":"publish","type":"page","link":"https:\/\/gaelle-lecrecq.com\/en\/a-propos\/","title":{"rendered":"A Propos"},"content":{"rendered":"","protected":false},"excerpt":{"rendered":"","protected":false},"author":2,"featured_media":0,"parent":0,"menu_order":0,"comment_status":"closed","ping_status":"closed","template":"page-about","meta":{"_seopress_robots_primary_cat":"","_seopress_titles_title":"Ga\u00eblle Lecrecq |\u00a0Photographe Bretagne","_seopress_titles_desc":"Photographe professionnelle bas\u00e9e en Bretagne sp\u00e9cialis\u00e9e dans le reportage photo et la photographie d&#039;int\u00e9rieur pour les h\u00f4tels de luxe.","_seopress_robots_index":"","_vp_format_video_url":"","_vp_image_focal_point":[],"footnotes":""},"class_list":["post-4329","page","type-page","status-publish","hentry"],"_links":{"self":[{"href":"https:\/\/gaelle-lecrecq.com\/en\/wp-json\/wp\/v2\/pages\/4329","targetHints":{"allow":["GET"]}}],"collection":[{"href":"https:\/\/gaelle-lecrecq.com\/en\/wp-json\/wp\/v2\/pages"}],"about":[{"href":"https:\/\/gaelle-lecrecq.com\/en\/wp-json\/wp\/v2\/types\/page"}],"author":[{"embeddable":true,"href":"https:\/\/gaelle-lecrecq.com\/en\/wp-json\/wp\/v2\/users\/2"}],"replies":[{"embeddable":true,"href":"https:\/\/gaelle-lecrecq.com\/en\/wp-json\/wp\/v2\/comments?post=4329"}],"version-history":[{"count":1,"href":"https:\/\/gaelle-lecrecq.com\/en\/wp-json\/wp\/v2\/pages\/4329\/revisions"}],"predecessor-version":[{"id":4331,"href":"https:\/\/gaelle-lecrecq.com\/en\/wp-json\/wp\/v2\/pages\/4329\/revisions\/4331"}],"wp:attachment":[{"href":"https:\/\/gaelle-lecrecq.com\/en\/wp-json\/wp\/v2\/media?parent=4329"}],"curies":[{"name":"wp","href":"https:\/\/api.w.org\/{rel}","templated":true}]}}