{"id":4471,"date":"2023-06-22T15:06:38","date_gmt":"2023-06-22T15:06:38","guid":{"rendered":"http:\/\/gaelle-lecrecq.com.remedes-naturels.org\/?page_id=4471"},"modified":"2025-06-17T15:45:07","modified_gmt":"2025-06-17T15:45:07","slug":"services","status":"publish","type":"page","link":"https:\/\/gaelle-lecrecq.com\/en\/services\/","title":{"rendered":"Services"},"content":{"rendered":"","protected":false},"excerpt":{"rendered":"","protected":false},"author":2,"featured_media":0,"parent":0,"menu_order":0,"comment_status":"closed","ping_status":"closed","template":"page-without-title","meta":{"_seopress_robots_primary_cat":"","_seopress_titles_title":"Photographe Morbihan | D\u00e9couvrez mes Prestations Photo","_seopress_titles_desc":"Photographe sp\u00e9cialis\u00e9e dans l\u2019h\u00f4tellerie, le tourisme et le reportage. Sublimez vos lieux et exp\u00e9riences avec des images authentiques, immersives et sur-mesure. D\u00e9couvrez mes prestations.","_seopress_robots_index":"","_vp_format_video_url":"","_vp_image_focal_point":[],"footnotes":""},"class_list":["post-4471","page","type-page","status-publish","hentry"],"_links":{"self":[{"href":"https:\/\/gaelle-lecrecq.com\/en\/wp-json\/wp\/v2\/pages\/4471","targetHints":{"allow":["GET"]}}],"collection":[{"href":"https:\/\/gaelle-lecrecq.com\/en\/wp-json\/wp\/v2\/pages"}],"about":[{"href":"https:\/\/gaelle-lecrecq.com\/en\/wp-json\/wp\/v2\/types\/page"}],"author":[{"embeddable":true,"href":"https:\/\/gaelle-lecrecq.com\/en\/wp-json\/wp\/v2\/users\/2"}],"replies":[{"embeddable":true,"href":"https:\/\/gaelle-lecrecq.com\/en\/wp-json\/wp\/v2\/comments?post=4471"}],"version-history":[{"count":13,"href":"https:\/\/gaelle-lecrecq.com\/en\/wp-json\/wp\/v2\/pages\/4471\/revisions"}],"predecessor-version":[{"id":5500,"href":"https:\/\/gaelle-lecrecq.com\/en\/wp-json\/wp\/v2\/pages\/4471\/revisions\/5500"}],"wp:attachment":[{"href":"https:\/\/gaelle-lecrecq.com\/en\/wp-json\/wp\/v2\/media?parent=4471"}],"curies":[{"name":"wp","href":"https:\/\/api.w.org\/{rel}","templated":true}]}}